{"id":856,"date":"2023-11-21T19:27:36","date_gmt":"2023-11-21T19:27:36","guid":{"rendered":"https:\/\/opsoru.com\/op\/?page_id=856"},"modified":"2023-11-22T06:42:09","modified_gmt":"2023-11-22T06:42:09","slug":"contacto","status":"publish","type":"page","link":"https:\/\/opsoru.com\/op\/contacto\/","title":{"rendered":"Contacto"},"content":{"rendered":"\n<div class=\"wp-block-cover alignfull is-light\" style=\"min-height:100vh;aspect-ratio:unset;\"><span aria-hidden=\"true\" class=\"wp-block-cover__background has-background-dim-100 has-background-dim has-background-gradient\" style=\"background:linear-gradient(35deg,rgb(0,161,158) 0%,rgb(0,137,158) 73%,rgb(0,114,153) 100%)\"><\/span><div class=\"wp-block-cover__inner-container is-layout-constrained wp-block-cover-is-layout-constrained\">\n<div class=\"inherit-container-width wp-block-group alignwide is-layout-constrained wp-block-group-is-layout-constrained\">\n<div class=\"wp-block-media-text alignwide has-media-on-the-right is-stacked-on-mobile is-vertically-aligned-center\" style=\"grid-template-columns:auto 43%\"><div class=\"wp-block-media-text__content\">\n<h1 class=\"wp-block-heading has-text-align-left has-white-color has-text-color\">Cont\u00e1ctenos<\/h1>\n\n\n\n<p><strong>Estamos para atenderte<\/strong><\/p>\n\n\n\n<div class=\"wp-block-buttons alignwide is-layout-flex wp-block-buttons-is-layout-flex\">\n<div class=\"wp-block-button\"><a class=\"wp-block-button__link has-ast-global-color-5-background-color has-text-color has-background wp-element-button\" href=\"#ProductoDigital\" style=\"color:#00a19e\">Ver Productos<\/a><\/div>\n<\/div>\n<\/div><figure class=\"wp-block-media-text__media\"><img loading=\"lazy\" decoding=\"async\" width=\"1024\" height=\"1024\" src=\"https:\/\/opsoru.com\/op\/wp-content\/uploads\/2023\/11\/call-customer-support-3613071-1024x1024.png\" alt=\"call, customer, support-3613071.jpg\" class=\"wp-image-845 size-full\" srcset=\"https:\/\/opsoru.com\/op\/wp-content\/uploads\/2023\/11\/call-customer-support-3613071-1024x1024.png 1024w, https:\/\/opsoru.com\/op\/wp-content\/uploads\/2023\/11\/call-customer-support-3613071-300x300.png 300w, https:\/\/opsoru.com\/op\/wp-content\/uploads\/2023\/11\/call-customer-support-3613071-150x150.png 150w, https:\/\/opsoru.com\/op\/wp-content\/uploads\/2023\/11\/call-customer-support-3613071-768x768.png 768w, https:\/\/opsoru.com\/op\/wp-content\/uploads\/2023\/11\/call-customer-support-3613071.png 1280w\" sizes=\"auto, (max-width: 1024px) 100vw, 1024px\" \/><\/figure><\/div>\n<\/div>\n<\/div><\/div>\n\n\n\n<div class=\"wp-block-uagb-container uagb-block-bcd643ca alignfull uagb-is-root-container\"><div class=\"uagb-container-inner-blocks-wrap\">\n<div class=\"wp-block-uagb-container uagb-block-451f2011 alignfull uagb-is-root-container\"><div class=\"uagb-container-inner-blocks-wrap\">\n<div class=\"wp-block-uagb-container uagb-block-e9b81ac3\">\n<div class=\"wp-block-uagb-advanced-heading uagb-block-94aa8e29\"><h2 class=\"uagb-heading-text\"><strong>Env\u00edanos tu consulta<\/strong><\/h2><p class=\"uagb-desc-text\">Para cualquier consulta o solicitud de alguno de nuestros servicios, comun\u00edquese con nosotros y le responderemos dentro de las 24 horas.<\/p><\/div>\n\n\n\n<div class=\"wp-block-uagb-icon-list uagb-block-6ced1c24\"><div class=\"uagb-icon-list__wrap\">\n<div class=\"wp-block-uagb-icon-list-child uagb-block-b70d6af7\"><span class=\"uagb-icon-list__source-wrap\"><svg xmlns=\"https:\/\/www.w3.org\/2000\/svg\" viewBox=\"0 0 576 512\"><path d=\"M575.8 255.5C575.8 273.5 560.8 287.6 543.8 287.6H511.8L512.5 447.7C512.5 450.5 512.3 453.1 512 455.8V472C512 494.1 494.1 512 472 512H456C454.9 512 453.8 511.1 452.7 511.9C451.3 511.1 449.9 512 448.5 512H392C369.9 512 352 494.1 352 472V384C352 366.3 337.7 352 320 352H256C238.3 352 224 366.3 224 384V472C224 494.1 206.1 512 184 512H128.1C126.6 512 125.1 511.9 123.6 511.8C122.4 511.9 121.2 512 120 512H104C81.91 512 64 494.1 64 472V360C64 359.1 64.03 358.1 64.09 357.2V287.6H32.05C14.02 287.6 0 273.5 0 255.5C0 246.5 3.004 238.5 10.01 231.5L266.4 8.016C273.4 1.002 281.4 0 288.4 0C295.4 0 303.4 2.004 309.5 7.014L564.8 231.5C572.8 238.5 576.9 246.5 575.8 255.5L575.8 255.5z\"><\/path><\/svg><\/span><span class=\"uagb-icon-list__label\">Jr. Manco Inca 7125 &#8211; Los Olivos<\/span><\/div>\n\n\n\n<div class=\"wp-block-uagb-icon-list-child uagb-block-7902101f\"><span class=\"uagb-icon-list__source-wrap\"><svg xmlns=\"https:\/\/www.w3.org\/2000\/svg\" viewBox=\"0 0 512 512\"><path d=\"M464 64C490.5 64 512 85.49 512 112C512 127.1 504.9 141.3 492.8 150.4L275.2 313.6C263.8 322.1 248.2 322.1 236.8 313.6L19.2 150.4C7.113 141.3 0 127.1 0 112C0 85.49 21.49 64 48 64H464zM217.6 339.2C240.4 356.3 271.6 356.3 294.4 339.2L512 176V384C512 419.3 483.3 448 448 448H64C28.65 448 0 419.3 0 384V176L217.6 339.2z\"><\/path><\/svg><\/span><span class=\"uagb-icon-list__label\">contact@opsoru.com<\/span><\/div>\n\n\n\n<div class=\"wp-block-uagb-icon-list-child uagb-block-02760550\"><span class=\"uagb-icon-list__source-wrap\"><svg xmlns=\"https:\/\/www.w3.org\/2000\/svg\" viewBox=\"0 0 448 512\"><path d=\"M380.9 97.1C339 55.1 283.2 32 223.9 32c-122.4 0-222 99.6-222 222 0 39.1 10.2 77.3 29.6 111L0 480l117.7-30.9c32.4 17.7 68.9 27 106.1 27h.1c122.3 0 224.1-99.6 224.1-222 0-59.3-25.2-115-67.1-157zm-157 341.6c-33.2 0-65.7-8.9-94-25.7l-6.7-4-69.8 18.3L72 359.2l-4.4-7c-18.5-29.4-28.2-63.3-28.2-98.2 0-101.7 82.8-184.5 184.6-184.5 49.3 0 95.6 19.2 130.4 54.1 34.8 34.9 56.2 81.2 56.1 130.5 0 101.8-84.9 184.6-186.6 184.6zm101.2-138.2c-5.5-2.8-32.8-16.2-37.9-18-5.1-1.9-8.8-2.8-12.5 2.8-3.7 5.6-14.3 18-17.6 21.8-3.2 3.7-6.5 4.2-12 1.4-32.6-16.3-54-29.1-75.5-66-5.7-9.8 5.7-9.1 16.3-30.3 1.8-3.7 .9-6.9-.5-9.7-1.4-2.8-12.5-30.1-17.1-41.2-4.5-10.8-9.1-9.3-12.5-9.5-3.2-.2-6.9-.2-10.6-.2-3.7 0-9.7 1.4-14.8 6.9-5.1 5.6-19.4 19-19.4 46.3 0 27.3 19.9 53.7 22.6 57.4 2.8 3.7 39.1 59.7 94.8 83.8 35.2 15.2 49 16.5 66.6 13.9 10.7-1.6 32.8-13.4 37.4-26.4 4.6-13 4.6-24.1 3.2-26.4-1.3-2.5-5-3.9-10.5-6.6z\"><\/path><\/svg><\/span><span class=\"uagb-icon-list__label\">(+51) 912915753<\/span><\/div>\n<\/div><\/div>\n<\/div>\n\n\n\n<div class=\"wp-block-uagb-container uagb-block-39609d65\">\n<div class=\"wp-block-uagb-container uagb-block-5a2a19b3 alignfull uagb-is-root-container\"><div class=\"uagb-container-inner-blocks-wrap\">\n<div class=\"wp-block-uagb-advanced-heading uagb-block-7f64ef67\"><h4 class=\"uagb-heading-text\">Cont\u00e1ctenos<\/h4><\/div>\n\n\n\n<div class=\"wp-block-uagb-forms uagb-forms__outer-wrap uagb-block-e6f3626a uagb-forms__extralarge-btn\"><form class=\"uagb-forms-main-form\" method=\"post\" autocomplete=\"on\" name=\"uagb-form-e6f3626a\">\n<div class=\"wp-block-uagb-forms-select uagb-forms-select-wrap uagb-forms-field-set uagb-block-94d366bc\"><div class=\"uagb-forms-select-label required uagb-forms-input-label\" id=\"94d366bc\"><\/div><select class=\"uagb-forms-select-box uagb-forms-input\" required name=\"94d366bc\"><option value=\"\" disabled selected>Selecciona tu opci\u00f3n<\/option><option value=\"Clientes\">Clientes<\/option><option value=\"Soporte\">Soporte<\/option><option value=\"Proveedores\">Proveedores<\/option><\/select><\/div>\n\n\n\n<div class=\"wp-block-uagb-forms-name uagb-forms-name-wrap uagb-forms-field-set uagb-block-591e50d9\"><div class=\"uagb-forms-name-label required uagb-forms-input-label\" id=\"591e50d9\"><\/div><input type=\"text\" placeholder=\"Nombre y Apellidos *\" required class=\"uagb-forms-name-input uagb-forms-input\" name=\"591e50d9\" autocomplete=\"given-name\"\/><\/div>\n\n\n\n<div class=\"wp-block-uagb-forms-name uagb-forms-name-wrap uagb-forms-field-set uagb-block-dadf3fd6\"><div class=\"uagb-forms-name-label required uagb-forms-input-label\" id=\"dadf3fd6\"><\/div><input type=\"text\" placeholder=\"Empresa *\" required class=\"uagb-forms-name-input uagb-forms-input\" name=\"dadf3fd6\" autocomplete=\"family-name\"\/><\/div>\n\n\n\n<div class=\"wp-block-uagb-forms-email uagb-forms-email-wrap uagb-forms-field-set uagb-block-f1b80e28\"><div class=\"uagb-forms-email-label required uagb-forms-input-label\" id=\"f1b80e28\"><\/div><input type=\"email\" class=\"uagb-forms-email-input uagb-forms-input\" placeholder=\"E-mail *\" required name=\"f1b80e28\" autocomplete=\"email\"\/><\/div>\n\n\n\n<div class=\"wp-block-uagb-forms-name uagb-forms-name-wrap uagb-forms-field-set uagb-block-d5dbc9ab\"><div class=\"uagb-forms-name-label required uagb-forms-input-label\" id=\"d5dbc9ab\"><\/div><input type=\"text\" placeholder=\"Celular *\" required class=\"uagb-forms-name-input uagb-forms-input\" name=\"d5dbc9ab\" autocomplete=\"family-name\"\/><\/div>\n<div class=\"uagb-forms-form-hidden-data\"><input type=\"hidden\" class=\"uagb_forms_form_label\" value=\"Frm Spectra\"\/><input type=\"hidden\" class=\"uagb_forms_form_id\" value=\"uagb-form-e6f3626a\"\/><\/div><div class=\"uagb-form-reacaptcha-error-e6f3626a\"><\/div><div class=\"uagb-forms-main-submit-button-wrap wp-block-button\"><button class=\"uagb-forms-main-submit-button wp-block-button__link\"><div class=\"uagb-forms-main-submit-button-text\">Enviar<\/div><\/button><\/div><\/form><div class=\"uagb-forms-success-message-e6f3626a uagb-forms-submit-message-hide\"><span>\u00a1Gracias por tu mensaje. Ha sido enviado!<\/span><\/div><div class=\"uagb-forms-failed-message-e6f3626a uagb-forms-submit-message-hide\"><span>Ha ocurrido alg\u00fan error al enviar el formulario. Por favor, revisa de nuevo todos los campos.<\/span><\/div><\/div>\n<\/div><\/div>\n<\/div>\n<\/div><\/div>\n<\/div><\/div>\n\n\n\t\t\t<div \n\t\t\tclass=\"wp-block-uagb-google-map uagb-google-map__wrap uagb-block-0e731444     \"\n\t\t\tstyle=\"\" >\n\t\t\t\t<embed\n\t\t\t\t\tclass=\"uagb-google-map__iframe\"\n\t\t\t\t\ttitle=\"Mapa de Google de\"\n\t\t\t\t\tsrc=\"https:\/\/maps.google.com\/maps?q=jr.%20Manco%20Inca%207125%2C%20Urb%20el%20trebol%2C%20Los%20olivos%20Peru&#038;z=12&#038;hl=en&#038;t=m&#038;output=embed&#038;iwloc=near\"\n\t\t\t\t\twidth=\"640\"\n\t\t\t\t\theight=\"300\"\n\t\t\t\t\tloading=\"lazy\"\n\t\t\t\t><\/embed>\n\t\t\t<\/div>\n\t\t\t","protected":false},"excerpt":{"rendered":"<p>Env\u00edanos tu consulta Para cualquier consulta o solicitud de alguno de nuestros servicios, comun\u00edquese con nosotros y le responderemos dentro de las 24 horas. Cont\u00e1ctenos<\/p>\n","protected":false},"author":1,"featured_media":0,"parent":0,"menu_order":0,"comment_status":"closed","ping_status":"closed","template":"","meta":{"_uag_custom_page_level_css":"\/***********************\/\n\/** Sobre poner Form **\/\n.wp-block-uagb-container {\n    position: relative; \/* Importante para que funcione z-index *\/\n    z-index: 9999; \/* Cualquier n\u00famero grande *\/\n}\n\n\/*************************\/\n\/** Sombra Cuadros Form **\/\ninput[type=\"text\"], input[type=\"email\"], textarea {\n    box-shadow: 2px 2px 5px rgba(0, 0, 0, 0.3);\n}\n.uagb-forms-select-box {\n    box-shadow: 2px 2px 5px rgba(0, 0, 0, 0.3);\n}\n.uagb-forms-main-submit-button {\n    box-shadow: 2px 2px 5px rgba(0, 0, 0, 0.3);\n}\n\n\/*************************\/\n\/** Efecto letras Form **\/\n::-webkit-input-placeholder {\n    font-size: 14px;\n    font-weight: 400;\n    color: #a9a9a9;\n}\n\n:-moz-placeholder {\n    font-size: 14px;\n    font-weight: 400;\n    color: #a9a9a9;\n}\n\n::-moz-placeholder {\n    font-size: 14px;\n    font-weight: 400;\n    color: #a9a9a9;\n}\n\n:-ms-input-placeholder {\n    font-size: 14px;\n    font-weight: 400;\n    color: #a9a9a9;\n}\n\n::placeholder {\n    font-size: 14px;\n    font-weight: 400;\n    color: #a9a9a9;\n}\n\n.uagb-forms-input {\n    font-size: 14px;\n    font-weight: 400;\n    color: #a9a9a9;\n}\n\n.uagb-block-7f64ef67 {\n    font-size: 24px;\n    font-weight: 700;\n    color: #333;\n    \/*font-family: 'Roboto-Thin ', sans-serif;*\/\n}\n\n","site-sidebar-layout":"default","site-content-layout":"","ast-site-content-layout":"default","site-content-style":"default","site-sidebar-style":"default","ast-global-header-display":"","ast-banner-title-visibility":"","ast-main-header-display":"","ast-hfb-above-header-display":"","ast-hfb-below-header-display":"","ast-hfb-mobile-header-display":"","site-post-title":"disabled","ast-breadcrumbs-content":"","ast-featured-img":"","footer-sml-layout":"","ast-disable-related-posts":"","theme-transparent-header-meta":"","adv-header-id-meta":"","stick-header-meta":"","header-above-stick-meta":"","header-main-stick-meta":"","header-below-stick-meta":"","astra-migrate-meta-layouts":"set","ast-page-background-enabled":"default","ast-page-background-meta":{"desktop":{"background-color":"var(--ast-global-color-4)","background-image":"","background-repeat":"repeat","background-position":"center center","background-size":"auto","background-attachment":"scroll","background-type":"","background-media":"","overlay-type":"","overlay-color":"","overlay-opacity":"","overlay-gradient":""},"tablet":{"background-color":"","background-image":"","background-repeat":"repeat","background-position":"center center","background-size":"auto","background-attachment":"scroll","background-type":"","background-media":"","overlay-type":"","overlay-color":"","overlay-opacity":"","overlay-gradient":""},"mobile":{"background-color":"","background-image":"","background-repeat":"repeat","background-position":"center center","background-size":"auto","background-attachment":"scroll","background-type":"","background-media":"","overlay-type":"","overlay-color":"","overlay-opacity":"","overlay-gradient":""}},"ast-content-background-meta":{"desktop":{"background-color":"var(--ast-global-color-5)","background-image":"","background-repeat":"repeat","background-position":"center center","background-size":"auto","background-attachment":"scroll","background-type":"","background-media":"","overlay-type":"","overlay-color":"","overlay-opacity":"","overlay-gradient":""},"tablet":{"background-color":"var(--ast-global-color-5)","background-image":"","background-repeat":"repeat","background-position":"center center","background-size":"auto","background-attachment":"scroll","background-type":"","background-media":"","overlay-type":"","overlay-color":"","overlay-opacity":"","overlay-gradient":""},"mobile":{"background-color":"var(--ast-global-color-5)","background-image":"","background-repeat":"repeat","background-position":"center center","background-size":"auto","background-attachment":"scroll","background-type":"","background-media":"","overlay-type":"","overlay-color":"","overlay-opacity":"","overlay-gradient":""}},"footnotes":""},"class_list":["post-856","page","type-page","status-publish","hentry"],"uagb_featured_image_src":{"full":false,"thumbnail":false,"medium":false,"medium_large":false,"large":false,"1536x1536":false,"2048x2048":false},"uagb_author_info":{"display_name":"J0d0pu","author_link":"https:\/\/opsoru.com\/op\/author\/j0d0pu\/"},"uagb_comment_info":0,"uagb_excerpt":"Env\u00edanos tu consulta Para cualquier consulta o solicitud de alguno de nuestros servicios, comun\u00edquese con nosotros y le responderemos dentro de las 24 horas. Cont\u00e1ctenos","_links":{"self":[{"href":"https:\/\/opsoru.com\/op\/wp-json\/wp\/v2\/pages\/856","targetHints":{"allow":["GET"]}}],"collection":[{"href":"https:\/\/opsoru.com\/op\/wp-json\/wp\/v2\/pages"}],"about":[{"href":"https:\/\/opsoru.com\/op\/wp-json\/wp\/v2\/types\/page"}],"author":[{"embeddable":true,"href":"https:\/\/opsoru.com\/op\/wp-json\/wp\/v2\/users\/1"}],"replies":[{"embeddable":true,"href":"https:\/\/opsoru.com\/op\/wp-json\/wp\/v2\/comments?post=856"}],"version-history":[{"count":16,"href":"https:\/\/opsoru.com\/op\/wp-json\/wp\/v2\/pages\/856\/revisions"}],"predecessor-version":[{"id":894,"href":"https:\/\/opsoru.com\/op\/wp-json\/wp\/v2\/pages\/856\/revisions\/894"}],"wp:attachment":[{"href":"https:\/\/opsoru.com\/op\/wp-json\/wp\/v2\/media?parent=856"}],"curies":[{"name":"wp","href":"https:\/\/api.w.org\/{rel}","templated":true}]}}